{"id":258,"date":"2025-12-02T16:54:21","date_gmt":"2025-12-02T16:54:21","guid":{"rendered":"https:\/\/pelicula.qodeinteractive.com\/?page_id=258"},"modified":"2026-01-12T13:50:39","modified_gmt":"2026-01-12T13:50:39","slug":"films-de-mariage","status":"publish","type":"page","link":"https:\/\/maisondalmay.fr\/","title":{"rendered":"home"},"content":{"rendered":"\t\t<div data-elementor-type=\"wp-page\" data-elementor-id=\"258\" class=\"elementor elementor-258\">\n\t\t\t\t\t\t<section class=\"elementor-section elementor-top-section elementor-element elementor-element-6e9e344 elementor-section-full_width elementor-section-height-default elementor-section-height-default qodef-elementor-content-no\" data-id=\"6e9e344\" data-element_type=\"section\">\n\t\t\t\t\t\t<div class=\"elementor-container elementor-column-gap-no\">\n\t\t\t\t\t<div class=\"elementor-column elementor-col-100 elementor-top-column elementor-element elementor-element-d639032\" data-id=\"d639032\" data-element_type=\"column\">\n\t\t\t<div class=\"elementor-widget-wrap elementor-element-populated\">\n\t\t\t\t\t\t<div class=\"elementor-element elementor-element-10004b5 elementor-widget elementor-widget-slider_revolution\" data-id=\"10004b5\" data-element_type=\"widget\" data-widget_type=\"slider_revolution.default\">\n\t\t\t\t\t\n\t\t<div class=\"wp-block-themepunch-revslider\">\n\t\t\t\t<p class=\"rs-p-wp-fix\"><\/p>\n\t\t\t\t<sr7-module data-alias=\"main-home\" data-id=\"1\" id=\"SR7_1_1\" class=\"rs-ov-hidden\" data-version=\"6.7.36\">\n\t\t\t\t\t<sr7-adjuster><\/sr7-adjuster>\n\t\t\t\t\t<sr7-content>\n\t\t\t\t\t\t<sr7-slide id=\"SR7_1_1-1\" data-key=\"1\">\n\t\t\t\t\t\t\t<sr7-txt id=\"SR7_1_1-1-1\" class=\"sr7-layer\">MAISON<\/sr7-txt>\n\t\t\t\t\t\t\t<sr7-txt id=\"SR7_1_1-1-37\" class=\"sr7-layer\">DALMAY<\/sr7-txt>\n\t\t\t\t\t\t<\/sr7-slide>\n\t\t\t\t\t\t<sr7-slide id=\"SR7_1_1-22\" data-key=\"22\">\n\t\t\t\t\t\t<\/sr7-slide>\n\t\t\t\t\t<\/sr7-content>\n\t\t\t\t<\/sr7-module>\n\t\t\t\t<script>\n\t\t\t\t\tSR7.PMH ??={}; SR7.PMH[\"SR7_1_1\"] = {cn:100,state:false,fn: function() { if (_tpt!==undefined && _tpt.prepareModuleHeight !== undefined) {  _tpt.prepareModuleHeight({id:\"SR7_1_1\",el:[900,900,768,960,720],type:'standard',shdw:'0',gh:[900,900,768,960,720],gw:[1240,1240,1024,778,480],vpt:['-200px&#039;,&#039;-200px&#039;,&#039;-200px&#039;,&#039;-200px&#039;,&#039;-200px'],size:{fullWidth:true, fullHeight:true},fho:'',mh:'0',onh:0,onw:0,bg:{color:'{\"type\":\"solid\",\"orig\":\"#111111\",\"string\":\"rgba(17, 17, 17, 1)\"}'}});   SR7.PMH[\"SR7_1_1\"].state=true;} else if(SR7.PMH[\"SR7_1_1\"].cn-->0)\tsetTimeout( SR7.PMH[\"SR7_1_1\"].fn,19);}};SR7.PMH[\"SR7_1_1\" ].fn();\n\t\t\t\t<\/script>\n<\/div>\n\n\t\t\t\t\t\t<\/div>\n\t\t\t\t\t<\/div>\n\t\t<\/div>\n\t\t\t\t\t<\/div>\n\t\t<\/section>\n\t\t\t\t<section class=\"elementor-section elementor-top-section elementor-element elementor-element-419444c elementor-section-full_width elementor-section-height-default elementor-section-height-default qodef-elementor-content-no\" data-id=\"419444c\" data-element_type=\"section\" data-settings=\"{&quot;background_background&quot;:&quot;classic&quot;}\">\n\t\t\t\t\t\t<div class=\"elementor-container elementor-column-gap-no\">\n\t\t\t\t\t<div class=\"elementor-column elementor-col-100 elementor-top-column elementor-element elementor-element-d608eb8\" data-id=\"d608eb8\" data-element_type=\"column\">\n\t\t\t<div class=\"elementor-widget-wrap elementor-element-populated\">\n\t\t\t\t\t\t<section class=\"elementor-section elementor-inner-section elementor-element elementor-element-dcea3a9 qodef-elementor-content-grid elementor-section-full_width elementor-section-height-default elementor-section-height-default\" data-id=\"dcea3a9\" data-element_type=\"section\">\n\t\t\t\t\t\t<div class=\"elementor-container elementor-column-gap-default\">\n\t\t\t\t\t<div class=\"elementor-column elementor-col-50 elementor-inner-column elementor-element elementor-element-d9a8e41\" data-id=\"d9a8e41\" data-element_type=\"column\">\n\t\t\t<div class=\"elementor-widget-wrap elementor-element-populated\">\n\t\t\t\t\t\t<div class=\"elementor-element elementor-element-40b7ade elementor-widget elementor-widget-slider_revolution\" data-id=\"40b7ade\" data-element_type=\"widget\" data-widget_type=\"slider_revolution.default\">\n\t\t\t\t\t\n\t\t<div class=\"wp-block-themepunch-revslider\">\n\t\t\t\t<p class=\"rs-p-wp-fix\"><\/p>\n\t\t\t\t<sr7-module data-alias=\"main-home-inner\" data-id=\"12\" id=\"SR7_12_2\" class=\"rs-ov-hidden\" data-version=\"6.7.36\">\n\t\t\t\t\t<sr7-adjuster><\/sr7-adjuster>\n\t\t\t\t\t<sr7-content>\n\t\t\t\t\t\t<sr7-slide id=\"SR7_12_2-20\" data-key=\"20\">\n\t\t\t\t\t\t<\/sr7-slide>\n\t\t\t\t\t\t<sr7-slide id=\"SR7_12_2-33\" data-key=\"33\">\n\t\t\t\t\t\t<\/sr7-slide>\n\t\t\t\t\t<\/sr7-content>\n\t\t\t\t\t<image_lists style=\"display:none\">\n\t\t\t\t\t\t<img data-src=\"\/\/maisondalmay.fr\/wp-content\/uploads\/2025\/12\/FQ_MASTER.00_00_16_17.Still006-1024x576.jpg\" data-libid=\"3658\" data-lib=\"medialibrary\" title=\"F+Q_MASTER.00_00_16_17.Still006\" width=\"0\" height=\"0\" data-dbsrc=\"Ly9tYWlzb25kYWxtYXkuZnIvd3AtY29udGVudC91cGxvYWRzLzIwMjUvMTIvRlFfTUFTVEVSLjAwXzAwXzE2XzE3LlN0aWxsMDA2LTEwMjR4NTc2LmpwZw==\"\/>\n\t\t\t\t\t<\/image_lists>\n\t\t\t\t<\/sr7-module>\n\t\t\t\t<script>\n\t\t\t\t\tSR7.PMH ??={}; SR7.PMH[\"SR7_12_2\"] = {cn:100,state:false,fn: function() { if (_tpt!==undefined && _tpt.prepareModuleHeight !== undefined) {  _tpt.prepareModuleHeight({id:\"SR7_12_2\",el:[600,600,768,960,720],type:'hero',shdw:'0',gh:[600,600,600,770,300],gw:[600,600,600,770,300],vpt:['10px&#039;,&#039;10px&#039;,&#039;10px&#039;,&#039;10px&#039;,&#039;10px'],size:{fullWidth:false, fullHeight:false},mh:'0',onh:0,onw:0,bg:{color:'{\"orig\":\"transparent\",\"type\":\"solid\",\"string\":\"transparent\"}'}});   SR7.PMH[\"SR7_12_2\"].state=true;} else if(SR7.PMH[\"SR7_12_2\"].cn-->0)\tsetTimeout( SR7.PMH[\"SR7_12_2\"].fn,19);}};SR7.PMH[\"SR7_12_2\" ].fn();\n\t\t\t\t<\/script>\n<\/div>\n\n\t\t\t\t\t\t<\/div>\n\t\t\t\t\t<\/div>\n\t\t<\/div>\n\t\t\t\t<div class=\"elementor-column elementor-col-50 elementor-inner-column elementor-element elementor-element-fb9a593\" data-id=\"fb9a593\" data-element_type=\"column\">\n\t\t\t<div class=\"elementor-widget-wrap elementor-element-populated\">\n\t\t\t\t\t\t<div class=\"elementor-element elementor-element-cfc1743 elementor-widget elementor-widget-pelicula_core_section_title\" data-id=\"cfc1743\" data-element_type=\"widget\" data-widget_type=\"pelicula_core_section_title.default\">\n\t\t\t\t<div class=\"elementor-widget-container\">\n\t\t\t\t\t<div class=\"qodef-shortcode qodef-m qodef-section-title qodef-alignment--left\" data-holder-options=\"{&quot;line-breaks&quot;:&quot;&quot;}\">\n\t\t<h6 class=\"qodef-m-tagline\" style=\"color: #ABABAB\">\n\t\tUn style\t<\/h6>\n\t    \t<h2 class=\"qodef-m-title\" style=\"color: #FFFFFF\">\n\t\t\tauthentique &amp; cin\u00e9matographique.\t<\/h2>\n    \t<\/div>\t\t\t\t<\/div>\n\t\t\t\t<\/div>\n\t\t\t\t<div class=\"elementor-element elementor-element-7fc5000 elementor-widget elementor-widget-spacer\" data-id=\"7fc5000\" data-element_type=\"widget\" data-widget_type=\"spacer.default\">\n\t\t\t\t\t\t\t<div class=\"elementor-spacer\">\n\t\t\t<div class=\"elementor-spacer-inner\"><\/div>\n\t\t<\/div>\n\t\t\t\t\t\t<\/div>\n\t\t\t\t\t<\/div>\n\t\t<\/div>\n\t\t\t\t\t<\/div>\n\t\t<\/section>\n\t\t\t\t\t<\/div>\n\t\t<\/div>\n\t\t\t\t\t<\/div>\n\t\t<\/section>\n\t\t\t\t<section class=\"elementor-section elementor-top-section elementor-element elementor-element-3dea8a9 elementor-section-full_width elementor-section-height-default elementor-section-height-default qodef-elementor-content-no\" data-id=\"3dea8a9\" data-element_type=\"section\">\n\t\t\t\t\t\t<div class=\"elementor-container elementor-column-gap-no\">\n\t\t\t\t\t<div class=\"elementor-column elementor-col-100 elementor-top-column elementor-element elementor-element-b95c7ac\" data-id=\"b95c7ac\" data-element_type=\"column\">\n\t\t\t<div class=\"elementor-widget-wrap elementor-element-populated\">\n\t\t\t\t\t\t<div class=\"elementor-element elementor-element-51960d1 elementor-widget elementor-widget-pelicula_core_portfolio_list\" data-id=\"51960d1\" data-element_type=\"widget\" data-widget_type=\"pelicula_core_portfolio_list.default\">\n\t\t\t\t<div class=\"elementor-widget-container\">\n\t\t\t\t\t<div class=\"qodef-shortcode qodef-m qodef-in-focus qodef-portfolio-list qodef-item-layout--info-on-hover qodef-slider-layout--predefined2 qodef-grid qodef-swiper-container qodef-gutter--no qodef-col-num--3 qodef-item-layout--info-on-hover qodef--no-bottom-space qodef-pagination--off qodef-responsive--predefined qodef-hover-animation--fade-in\" data-options=\"{&quot;slidesPerView&quot;:1.9,&quot;spaceBetween&quot;:0,&quot;loop&quot;:false,&quot;autoplay&quot;:true,&quot;speed&quot;:&quot;&quot;,&quot;speedAnimation&quot;:&quot;&quot;,&quot;slideAnimation&quot;:&quot;&quot;,&quot;centeredSlides&quot;:true,&quot;slideToClickedItem&quot;:true}\">\n\t<div class=\"swiper-wrapper\">\n\t\t<article class=\"qodef-e swiper-slide qodef-item--full post-309 portfolio-item type-portfolio-item status-publish has-post-thumbnail hentry portfolio-category-wedding\">\n\t<div class=\"qodef-e-inner\" >\n\t\t<div class=\"qodef-e-image\">\n\t\t\t\t<div class=\"qodef-e-media-image\">\n\t\t<img fetchpriority=\"high\" decoding=\"async\" width=\"2560\" height=\"1440\" src=\"https:\/\/maisondalmay.fr\/wp-content\/uploads\/2020\/03\/FQ_MASTER.00_00_41_06.Still003-scaled.jpg\" class=\"attachment-full size-full wp-post-image\" alt=\"\" srcset=\"https:\/\/maisondalmay.fr\/wp-content\/uploads\/2020\/03\/FQ_MASTER.00_00_41_06.Still003-scaled.jpg 2560w, https:\/\/maisondalmay.fr\/wp-content\/uploads\/2020\/03\/FQ_MASTER.00_00_41_06.Still003-scaled-600x338.jpg 600w, https:\/\/maisondalmay.fr\/wp-content\/uploads\/2020\/03\/FQ_MASTER.00_00_41_06.Still003-300x169.jpg 300w, https:\/\/maisondalmay.fr\/wp-content\/uploads\/2020\/03\/FQ_MASTER.00_00_41_06.Still003-1024x576.jpg 1024w, https:\/\/maisondalmay.fr\/wp-content\/uploads\/2020\/03\/FQ_MASTER.00_00_41_06.Still003-768x432.jpg 768w, https:\/\/maisondalmay.fr\/wp-content\/uploads\/2020\/03\/FQ_MASTER.00_00_41_06.Still003-1536x864.jpg 1536w, https:\/\/maisondalmay.fr\/wp-content\/uploads\/2020\/03\/FQ_MASTER.00_00_41_06.Still003-2048x1152.jpg 2048w\" sizes=\"(max-width: 2560px) 100vw, 2560px\" \/>\t<\/div>\n<div class=\"qodef-shortcode qodef-m qodef-video-button\">\t    <div class=\"qodef-m-image\">\t\t    <\/div>\t\t<a itemprop=\"url\" class=\"qodef-m-play qodef-magnific-popup qodef-popup-item\"  href=\"https:\/\/vimeo.com\/1140009738\" data-type=\"iframe\">\t\t<span class=\"qodef-m-play-inner\">\t\t\t<span class=\"qodef-icon-ionicons ion-md-play\" ><\/span>\t\t<\/span>\t<\/a><\/div>\t\t<\/div>\n\t\t<div class=\"qodef-e-content\">\n\t\t\t<div class=\"qodef-e-content-inner\">\n\t\t\t\t\t\t\t\t<h4 itemprop=\"name\" class=\"qodef-e-title entry-title qodef-e-title-main\" >\n\t<a itemprop=\"url\" class=\"qodef-e-title-link\" href=\"https:\/\/maisondalmay.fr\/index.php\/portfolio-item\/finding-art\/\" target=\"_self\">\n\t\tFinding Art\t<\/a>\n<\/h4>\t\t\t\t<div class=\"qodef-e-info-category\">\n\t<a itemprop=\"url\" class=\"qodef-e-category\" href=\"https:\/\/maisondalmay.fr\/index.php\/portfolio-category\/wedding\/\">wedding<\/a><\/div>\n\t\t\t<\/div>\n\t\t<\/div>\n\t<\/div>\n<\/article>\t<\/div>\n\t\t<\/div>\t\t\t\t<\/div>\n\t\t\t\t<\/div>\n\t\t\t\t\t<\/div>\n\t\t<\/div>\n\t\t\t\t\t<\/div>\n\t\t<\/section>\n\t\t\t\t<section class=\"elementor-section elementor-top-section elementor-element elementor-element-4e029f6 elementor-section-full_width qodef-elementor-content-grid elementor-section-height-default elementor-section-height-default\" data-id=\"4e029f6\" data-element_type=\"section\" data-settings=\"{&quot;background_background&quot;:&quot;classic&quot;}\">\n\t\t\t\t\t\t<div class=\"elementor-container elementor-column-gap-default\">\n\t\t\t\t\t<div class=\"elementor-column elementor-col-100 elementor-top-column elementor-element elementor-element-a426fad\" data-id=\"a426fad\" data-element_type=\"column\">\n\t\t\t<div class=\"elementor-widget-wrap elementor-element-populated\">\n\t\t\t\t\t\t<div class=\"elementor-element elementor-element-86a46ed elementor-widget elementor-widget-pelicula_core_section_title\" data-id=\"86a46ed\" data-element_type=\"widget\" data-widget_type=\"pelicula_core_section_title.default\">\n\t\t\t\t<div class=\"elementor-widget-container\">\n\t\t\t\t\t<div class=\"qodef-shortcode qodef-m qodef-section-title qodef-alignment--center\" data-holder-options=\"{&quot;line-breaks&quot;:&quot;&quot;}\">\n\t\t<h6 class=\"qodef-m-tagline\" style=\"color: #ABABAB\">\n\t\t\u00c0 PROPOS\t<\/h6>\n\t    \t<h1 class=\"qodef-m-title\" style=\"color: #FFFFFF\">\n\t\t\tquelques mots sur moi\t<\/h1>\n    \t<\/div>\t\t\t\t<\/div>\n\t\t\t\t<\/div>\n\t\t\t\t<div class=\"elementor-element elementor-element-9e5945d elementor-widget elementor-widget-spacer\" data-id=\"9e5945d\" data-element_type=\"widget\" data-widget_type=\"spacer.default\">\n\t\t\t\t\t\t\t<div class=\"elementor-spacer\">\n\t\t\t<div class=\"elementor-spacer-inner\"><\/div>\n\t\t<\/div>\n\t\t\t\t\t\t<\/div>\n\t\t\t\t<div class=\"elementor-element elementor-element-14c1980 elementor-widget__width-auto qodef-in-focus elementor-widget elementor-widget-pelicula_core_team_list\" data-id=\"14c1980\" data-element_type=\"widget\" data-widget_type=\"pelicula_core_team_list.default\">\n\t\t\t\t<div class=\"elementor-widget-container\">\n\t\t\t\t\t<div class=\"qodef-shortcode qodef-m qodef-team-list qodef-skin--light qodef-item-layout--info-below qodef-grid qodef-layout--columns qodef-gutter--normal qodef-col-num--1 qodef-item-layout--info-below qodef--no-bottom-space qodef-pagination--off qodef-responsive--predefined\" data-options=\"{&quot;plugin&quot;:&quot;pelicula_core&quot;,&quot;module&quot;:&quot;post-types\\\/team\\\/shortcodes&quot;,&quot;shortcode&quot;:&quot;team-list&quot;,&quot;post_type&quot;:&quot;team&quot;,&quot;next_page&quot;:&quot;2&quot;,&quot;max_pages_num&quot;:1,&quot;skin&quot;:&quot;light&quot;,&quot;behavior&quot;:&quot;columns&quot;,&quot;images_proportion&quot;:&quot;thumbnail&quot;,&quot;columns&quot;:&quot;1&quot;,&quot;columns_responsive&quot;:&quot;predefined&quot;,&quot;columns_1440&quot;:&quot;3&quot;,&quot;columns_1366&quot;:&quot;3&quot;,&quot;columns_1024&quot;:&quot;3&quot;,&quot;columns_768&quot;:&quot;3&quot;,&quot;columns_680&quot;:&quot;3&quot;,&quot;columns_480&quot;:&quot;3&quot;,&quot;space&quot;:&quot;normal&quot;,&quot;posts_per_page&quot;:&quot;1&quot;,&quot;orderby&quot;:&quot;date&quot;,&quot;order&quot;:&quot;ASC&quot;,&quot;layout&quot;:&quot;info-below&quot;,&quot;title_tag&quot;:&quot;h4&quot;,&quot;pagination_type&quot;:&quot;no-pagination&quot;,&quot;object_class_name&quot;:&quot;PeliculaCoreTeamListShortcode&quot;,&quot;taxonomy_filter&quot;:&quot;team-category&quot;,&quot;additional_query_args&quot;:[],&quot;item_classes&quot;:&quot;qodef-e qodef-e-holder-main qodef-grid-item&quot;,&quot;space_value&quot;:15}\">\n\t\t<div class=\"qodef-grid-inner clear\">\n\t\t<div class=\"qodef-e qodef-e-holder-main qodef-grid-item qodef-has-post-media post-297 team type-team status-publish has-post-thumbnail hentry team-category-team-1\">\n\t<div class=\"qodef-e-inner\">\n\t\t<div class=\"qodef-e-image\">\n\t\t\t\t<div class=\"qodef-e-media-image\">\n\t\t\t\t\t<img decoding=\"async\" width=\"800\" height=\"800\" src=\"https:\/\/maisondalmay.fr\/wp-content\/uploads\/2020\/03\/me_800x.jpg\" class=\"attachment-full size-full wp-post-image\" alt=\"\" srcset=\"https:\/\/maisondalmay.fr\/wp-content\/uploads\/2020\/03\/me_800x.jpg 800w, https:\/\/maisondalmay.fr\/wp-content\/uploads\/2020\/03\/me_800x-300x300.jpg 300w, https:\/\/maisondalmay.fr\/wp-content\/uploads\/2020\/03\/me_800x-150x150.jpg 150w, https:\/\/maisondalmay.fr\/wp-content\/uploads\/2020\/03\/me_800x-768x768.jpg 768w, https:\/\/maisondalmay.fr\/wp-content\/uploads\/2020\/03\/me_800x-650x650.jpg 650w, https:\/\/maisondalmay.fr\/wp-content\/uploads\/2020\/03\/me_800x-600x600.jpg 600w, https:\/\/maisondalmay.fr\/wp-content\/uploads\/2020\/03\/me_800x-100x100.jpg 100w\" sizes=\"(max-width: 800px) 100vw, 800px\" \/>\t\t\t<\/div>\n\t\t<\/div>\n\t\t<div class=\"qodef-e-content qodef-e-content-main\" >\n\t\t\t<h4 itemprop=\"name\" class=\"qodef-e-title qodef-e-title-main entry-title\" >\n\t\t\t\t<\/h4>\t\t\t\t\t\t\t\t<\/div>\n\t<\/div>\n<\/div>\t<\/div>\n\t<\/div>\t\t\t\t<\/div>\n\t\t\t\t<\/div>\n\t\t\t\t<div class=\"elementor-element elementor-element-87febfe elementor-widget__width-initial elementor-widget elementor-widget-pelicula_core_section_title\" data-id=\"87febfe\" data-element_type=\"widget\" data-widget_type=\"pelicula_core_section_title.default\">\n\t\t\t\t<div class=\"elementor-widget-container\">\n\t\t\t\t\t<div class=\"qodef-shortcode qodef-m qodef-section-title qodef-alignment--center\" data-holder-options=\"{&quot;line-breaks&quot;:&quot;&quot;}\">\n\t\t    \t<h2 class=\"qodef-m-title\" style=\"color: #FFFFFF\">\n\t\t\tenchant\u00e9 !\t<\/h2>\n    \t\t<p class=\"qodef-m-text\" style=\"color: #FFFFFF\">Moi c&#039;est Fr\u00e9d\u00e9ric, et je suis vid\u00e9aste \/ r\u00e9alisateur depuis plus de 10 ans. Apr\u00e8s un long parcours dans la publicit\u00e9, je me retourne aujourd&#039;hui vers le film de mariage, \u00e0 la recherche d&#039;authenticit\u00e9 et d&#039;\u00e9motions vraies. J&#039;aime capter des moments forts et po\u00e9tiques, ancr\u00e9s dans le r\u00e9el. Plus que tout j&#039;aime raconter des histoires en image.\nJ&#039;ai h\u00e2te de vous rencontrer pour pouvoir raconter la votre.<\/p>\n<\/div>\t\t\t\t<\/div>\n\t\t\t\t<\/div>\n\t\t\t\t\t<\/div>\n\t\t<\/div>\n\t\t\t\t\t<\/div>\n\t\t<\/section>\n\t\t<div class=\"elementor-element elementor-element-e8891cb e-flex e-con-boxed e-con e-parent\" data-id=\"e8891cb\" data-element_type=\"container\" data-settings=\"{&quot;background_background&quot;:&quot;classic&quot;}\">\n\t\t\t\t\t<div class=\"e-con-inner\">\n\t\t\t\t<div class=\"elementor-element elementor-element-753b412 elementor-widget elementor-widget-spacer\" data-id=\"753b412\" data-element_type=\"widget\" data-widget_type=\"spacer.default\">\n\t\t\t\t\t\t\t<div class=\"elementor-spacer\">\n\t\t\t<div class=\"elementor-spacer-inner\"><\/div>\n\t\t<\/div>\n\t\t\t\t\t\t<\/div>\n\t\t\t\t<div class=\"elementor-element elementor-element-b75ec92 elementor-widget elementor-widget-html\" data-id=\"b75ec92\" data-element_type=\"widget\" data-widget_type=\"html.default\">\n\t\t\t\t\t<div data-tf-live=\"01KBFTTK4ARRS4KVM1PEN8D323\"><\/div><script src=\"\/\/embed.typeform.com\/next\/embed.js\"><\/script>\t\t\t\t<\/div>\n\t\t\t\t<div class=\"elementor-element elementor-element-e1814dc elementor-widget elementor-widget-spacer\" data-id=\"e1814dc\" data-element_type=\"widget\" data-widget_type=\"spacer.default\">\n\t\t\t\t\t\t\t<div class=\"elementor-spacer\">\n\t\t\t<div class=\"elementor-spacer-inner\"><\/div>\n\t\t<\/div>\n\t\t\t\t\t\t<\/div>\n\t\t\t\t\t<\/div>\n\t\t\t\t<\/div>\n\t\t\t\t<\/div>\n\t\t","protected":false},"excerpt":{"rendered":"<p>Un style authentique &amp; cin\u00e9matographique. Finding Art wedding \u00c0 PROPOS quelques mots sur moi enchant\u00e9 ! Moi c&#039;est Fr\u00e9d\u00e9ric, et je suis vid\u00e9aste \/ r\u00e9alisateur depuis plus de 10 ans. Apr\u00e8s un long parcours dans la publicit\u00e9, je me retourne aujourd&#039;hui vers le film de mariage, \u00e0 la recherche d&#039;authenticit\u00e9 et d&#039;\u00e9motions vraies. J&#039;aime capter [&hellip;]<\/p>\n","protected":false},"author":1,"featured_media":0,"parent":0,"menu_order":0,"comment_status":"closed","ping_status":"closed","template":"page-full-width.php","meta":{"footnotes":""},"class_list":["post-258","page","type-page","status-publish","hentry"],"_links":{"self":[{"href":"https:\/\/maisondalmay.fr\/index.php\/wp-json\/wp\/v2\/pages\/258","targetHints":{"allow":["GET"]}}],"collection":[{"href":"https:\/\/maisondalmay.fr\/index.php\/wp-json\/wp\/v2\/pages"}],"about":[{"href":"https:\/\/maisondalmay.fr\/index.php\/wp-json\/wp\/v2\/types\/page"}],"author":[{"embeddable":true,"href":"https:\/\/maisondalmay.fr\/index.php\/wp-json\/wp\/v2\/users\/1"}],"replies":[{"embeddable":true,"href":"https:\/\/maisondalmay.fr\/index.php\/wp-json\/wp\/v2\/comments?post=258"}],"version-history":[{"count":76,"href":"https:\/\/maisondalmay.fr\/index.php\/wp-json\/wp\/v2\/pages\/258\/revisions"}],"predecessor-version":[{"id":3699,"href":"https:\/\/maisondalmay.fr\/index.php\/wp-json\/wp\/v2\/pages\/258\/revisions\/3699"}],"wp:attachment":[{"href":"https:\/\/maisondalmay.fr\/index.php\/wp-json\/wp\/v2\/media?parent=258"}],"curies":[{"name":"wp","href":"https:\/\/api.w.org\/{rel}","templated":true}]}}