{"id":1181,"date":"2020-03-31T10:59:47","date_gmt":"2020-03-31T10:59:47","guid":{"rendered":"https:\/\/pelicula.qodeinteractive.com\/?page_id=1181"},"modified":"2026-02-17T18:06:45","modified_gmt":"2026-02-17T18:06:45","slug":"prestations","status":"publish","type":"page","link":"https:\/\/maisondalmay.fr\/index.php\/prestations\/","title":{"rendered":"PRESTATIONS"},"content":{"rendered":"\t\t<div data-elementor-type=\"wp-page\" data-elementor-id=\"1181\" class=\"elementor elementor-1181\">\n\t\t\t\t\t\t<section class=\"elementor-section elementor-top-section elementor-element elementor-element-92581a5 elementor-section-full_width elementor-section-height-default elementor-section-height-default qodef-elementor-content-no\" data-id=\"92581a5\" data-element_type=\"section\">\n\t\t\t\t\t\t<div class=\"elementor-container elementor-column-gap-no\">\n\t\t\t\t\t<div class=\"elementor-column elementor-col-50 elementor-top-column elementor-element elementor-element-aa6eb53\" data-id=\"aa6eb53\" data-element_type=\"column\">\n\t\t\t<div class=\"elementor-widget-wrap elementor-element-populated\">\n\t\t\t\t\t\t<div class=\"elementor-element elementor-element-8bcd1b4 elementor-widget elementor-widget-image\" data-id=\"8bcd1b4\" data-element_type=\"widget\" data-widget_type=\"image.default\">\n\t\t\t\t\t\t\t\t\t\t\t\t\t\t\t<img fetchpriority=\"high\" decoding=\"async\" width=\"1024\" height=\"576\" src=\"https:\/\/maisondalmay.fr\/wp-content\/uploads\/2020\/03\/FQ_MASTER.00_00_41_06.Still003-1024x576.jpg\" class=\"attachment-large size-large wp-image-3356\" alt=\"\" srcset=\"https:\/\/maisondalmay.fr\/wp-content\/uploads\/2020\/03\/FQ_MASTER.00_00_41_06.Still003-1024x576.jpg 1024w, https:\/\/maisondalmay.fr\/wp-content\/uploads\/2020\/03\/FQ_MASTER.00_00_41_06.Still003-scaled-600x338.jpg 600w, https:\/\/maisondalmay.fr\/wp-content\/uploads\/2020\/03\/FQ_MASTER.00_00_41_06.Still003-300x169.jpg 300w, https:\/\/maisondalmay.fr\/wp-content\/uploads\/2020\/03\/FQ_MASTER.00_00_41_06.Still003-768x432.jpg 768w, https:\/\/maisondalmay.fr\/wp-content\/uploads\/2020\/03\/FQ_MASTER.00_00_41_06.Still003-1536x864.jpg 1536w, https:\/\/maisondalmay.fr\/wp-content\/uploads\/2020\/03\/FQ_MASTER.00_00_41_06.Still003-2048x1152.jpg 2048w\" sizes=\"(max-width: 1024px) 100vw, 1024px\" \/>\t\t\t\t\t\t\t\t\t\t\t\t\t\t\t<\/div>\n\t\t\t\t\t<\/div>\n\t\t<\/div>\n\t\t\t\t<div class=\"elementor-column elementor-col-50 elementor-top-column elementor-element elementor-element-eb29d3a\" data-id=\"eb29d3a\" data-element_type=\"column\">\n\t\t\t<div class=\"elementor-widget-wrap elementor-element-populated\">\n\t\t\t\t\t\t<div class=\"elementor-element elementor-element-3efcc6f elementor-widget elementor-widget-pelicula_core_section_title\" data-id=\"3efcc6f\" data-element_type=\"widget\" data-widget_type=\"pelicula_core_section_title.default\">\n\t\t\t\t<div class=\"elementor-widget-container\">\n\t\t\t\t\t<div class=\"qodef-shortcode qodef-m qodef-section-title qodef-alignment--left\" data-holder-options=\"{&quot;line-breaks&quot;:&quot;&quot;}\">\n\t\t<h6 class=\"qodef-m-tagline\" style=\"color: #6D6D6D\">\n\t\t01\t<\/h6>\n\t    \t<h1 class=\"qodef-m-title\" style=\"color: #FFFFFF\">\n\t\t\tCAPTATION DE MARIAGE\t<\/h1>\n    \t\t<p class=\"qodef-m-text\" style=\"color: #FFFFFF\">Je viens filmer, seul ou avec un autre cadreur, les meilleurs moments du jour de votre mariage. Discret, je me fonderai parmi vos invit\u00e9s pour capturer des sc\u00e8nes et des \u00e9motions authentiques. Pr\u00e9sent des pr\u00e9paratifs jusqu&#039;\u00e0 minuit, j&#039;aurai accumul\u00e9 suffisamment de belles images pour la post production.<\/p>\n<\/div>\t\t\t\t<\/div>\n\t\t\t\t<\/div>\n\t\t\t\t<div class=\"elementor-element elementor-element-43cb5dc elementor-widget elementor-widget-spacer\" data-id=\"43cb5dc\" data-element_type=\"widget\" data-widget_type=\"spacer.default\">\n\t\t\t\t\t\t\t<div class=\"elementor-spacer\">\n\t\t\t<div class=\"elementor-spacer-inner\"><\/div>\n\t\t<\/div>\n\t\t\t\t\t\t<\/div>\n\t\t\t\t\t<\/div>\n\t\t<\/div>\n\t\t\t\t\t<\/div>\n\t\t<\/section>\n\t\t\t\t<section class=\"elementor-section elementor-top-section elementor-element elementor-element-a6c4bb5 elementor-section-full_width elementor-section-height-default elementor-section-height-default qodef-elementor-content-no\" data-id=\"a6c4bb5\" data-element_type=\"section\">\n\t\t\t\t\t\t<div class=\"elementor-container elementor-column-gap-no\">\n\t\t\t\t\t<div class=\"elementor-column elementor-col-50 elementor-top-column elementor-element elementor-element-988181f\" data-id=\"988181f\" data-element_type=\"column\">\n\t\t\t<div class=\"elementor-widget-wrap elementor-element-populated\">\n\t\t\t\t\t\t<div class=\"elementor-element elementor-element-d1c001a elementor-widget elementor-widget-pelicula_core_section_title\" data-id=\"d1c001a\" data-element_type=\"widget\" data-widget_type=\"pelicula_core_section_title.default\">\n\t\t\t\t<div class=\"elementor-widget-container\">\n\t\t\t\t\t<div class=\"qodef-shortcode qodef-m qodef-section-title qodef-alignment--right\" data-holder-options=\"{&quot;line-breaks&quot;:&quot;1&quot;}\">\n\t\t<h6 class=\"qodef-m-tagline\" style=\"color: #6D6D6D\">\n\t\t02\t<\/h6>\n\t    \t<h1 class=\"qodef-m-title\" style=\"color: #FFFFFF\">\n\t\t\tFilm<br \/> Day After\t<\/h1>\n    \t\t<p class=\"qodef-m-text\" style=\"color: #FFFFFF\">En compl\u00e9ment du film de mariage, je propose de faire un film compl\u00e8tement diff\u00e9rent, centr\u00e9 sur votre couple, qui raconte votre histoire. Lib\u00e9r\u00e9 de toute contrainte li\u00e9e \u00e0 la captation et du &quot;direct&quot; du mariage, j&#039;\u00e9coute votre histoire et vous propose un script, qui sera ensuite tourn\u00e9 en dehors du mariage, comme un court m\u00e9trage, en soit un vrai film, o\u00f9 vous \u00eates les deux personnages principaux.<\/p>\n<\/div>\t\t\t\t<\/div>\n\t\t\t\t<\/div>\n\t\t\t\t<div class=\"elementor-element elementor-element-fc763f6 elementor-widget elementor-widget-spacer\" data-id=\"fc763f6\" data-element_type=\"widget\" data-widget_type=\"spacer.default\">\n\t\t\t\t\t\t\t<div class=\"elementor-spacer\">\n\t\t\t<div class=\"elementor-spacer-inner\"><\/div>\n\t\t<\/div>\n\t\t\t\t\t\t<\/div>\n\t\t\t\t\t<\/div>\n\t\t<\/div>\n\t\t\t\t<div class=\"elementor-column elementor-col-50 elementor-top-column elementor-element elementor-element-fb975bb\" data-id=\"fb975bb\" data-element_type=\"column\">\n\t\t\t<div class=\"elementor-widget-wrap elementor-element-populated\">\n\t\t\t\t\t\t<div class=\"elementor-element elementor-element-9c86038 elementor-widget elementor-widget-image\" data-id=\"9c86038\" data-element_type=\"widget\" data-widget_type=\"image.default\">\n\t\t\t\t\t\t\t\t\t\t\t\t\t\t\t<img decoding=\"async\" width=\"1024\" height=\"576\" src=\"https:\/\/maisondalmay.fr\/wp-content\/uploads\/2025\/12\/FQ_MASTER.00_00_26_01.Still001-1024x576.jpg\" class=\"attachment-large size-large wp-image-3409\" alt=\"\" srcset=\"https:\/\/maisondalmay.fr\/wp-content\/uploads\/2025\/12\/FQ_MASTER.00_00_26_01.Still001-1024x576.jpg 1024w, https:\/\/maisondalmay.fr\/wp-content\/uploads\/2025\/12\/FQ_MASTER.00_00_26_01.Still001-scaled-600x338.jpg 600w, https:\/\/maisondalmay.fr\/wp-content\/uploads\/2025\/12\/FQ_MASTER.00_00_26_01.Still001-300x169.jpg 300w, https:\/\/maisondalmay.fr\/wp-content\/uploads\/2025\/12\/FQ_MASTER.00_00_26_01.Still001-768x432.jpg 768w, https:\/\/maisondalmay.fr\/wp-content\/uploads\/2025\/12\/FQ_MASTER.00_00_26_01.Still001-1536x864.jpg 1536w, https:\/\/maisondalmay.fr\/wp-content\/uploads\/2025\/12\/FQ_MASTER.00_00_26_01.Still001-2048x1152.jpg 2048w\" sizes=\"(max-width: 1024px) 100vw, 1024px\" \/>\t\t\t\t\t\t\t\t\t\t\t\t\t\t\t<\/div>\n\t\t\t\t\t<\/div>\n\t\t<\/div>\n\t\t\t\t\t<\/div>\n\t\t<\/section>\n\t\t<div class=\"elementor-element elementor-element-32e50d5 e-flex e-con-boxed e-con e-parent\" data-id=\"32e50d5\" data-element_type=\"container\">\n\t\t\t\t\t<div class=\"e-con-inner\">\n\t\t\t\t<div class=\"elementor-element elementor-element-a54ed0c elementor-widget elementor-widget-pelicula_core_section_title\" data-id=\"a54ed0c\" data-element_type=\"widget\" data-widget_type=\"pelicula_core_section_title.default\">\n\t\t\t\t<div class=\"elementor-widget-container\">\n\t\t\t\t\t<div class=\"qodef-shortcode qodef-m qodef-section-title qodef-alignment--center\" data-holder-options=\"{&quot;line-breaks&quot;:&quot;&quot;}\">\n\t\t    \t<h2 class=\"qodef-m-title\" style=\"color: #FFFFFF\">\n\t\t\tFormules\t<\/h2>\n    \t<\/div>\t\t\t\t<\/div>\n\t\t\t\t<\/div>\n\t\t\t\t<div class=\"elementor-element elementor-element-9c509c7 elementor-widget elementor-widget-pelicula_core_separator\" data-id=\"9c509c7\" data-element_type=\"widget\" data-widget_type=\"pelicula_core_separator.default\">\n\t\t\t\t<div class=\"elementor-widget-container\">\n\t\t\t\t\t<div class=\"qodef-shortcode qodef-m qodef-separator clear qodef-position--center\">\n\t<div class=\"qodef-m-line\" style=\"border-color: #FFFFFF;width: 350px;border-bottom-width: 2px\"><\/div>\n<\/div>\t\t\t\t<\/div>\n\t\t\t\t<\/div>\n\t\t\t\t<div class=\"elementor-element elementor-element-4add492 elementor-widget elementor-widget-spacer\" data-id=\"4add492\" data-element_type=\"widget\" data-widget_type=\"spacer.default\">\n\t\t\t\t\t\t\t<div class=\"elementor-spacer\">\n\t\t\t<div class=\"elementor-spacer-inner\"><\/div>\n\t\t<\/div>\n\t\t\t\t\t\t<\/div>\n\t\t\t\t\t<\/div>\n\t\t\t\t<\/div>\n\t\t<div class=\"elementor-element elementor-element-2b43a74 e-grid e-con-boxed e-con e-parent\" data-id=\"2b43a74\" data-element_type=\"container\" data-settings=\"{&quot;background_background&quot;:&quot;classic&quot;}\">\n\t\t\t\t\t<div class=\"e-con-inner\">\n\t\t\t\t<div class=\"elementor-element elementor-element-1d3f63a elementor-widget elementor-widget-pelicula_core_pricing_table\" data-id=\"1d3f63a\" data-element_type=\"widget\" data-widget_type=\"pelicula_core_pricing_table.default\">\n\t\t\t\t<div class=\"elementor-widget-container\">\n\t\t\t\t\t<div class=\"qodef-shortcode qodef-m qodef-pricing-table qodef-layout--standard qodef-status--regular\" >\n\t<div class=\"qodef-m-inner\">\n\t\t\t<div class=\"qodef-m-title\">\n\t\t<p >S\u00e9ance Day After (Seule)<\/p>\n\t<\/div>\n\t\t\t<div class=\"qodef-m-price\">\n\t\t<div class=\"qodef-m-price-wrapper qodef-h1\" >\n\t\t\t<span class=\"qodef-m-price-value\">Sur Devis<\/span>\n\t\t\t\t\t<\/div>\n\t<\/div>\n\t\t\t<div class=\"qodef-m-content\"><p><del>Captation mariage<\/del><\/p><ul><li>Script<\/li><li>Tournage sur 2 demi journ\u00e9es<\/li><li>Film day after (1-2mn)<\/li><li>20 photos extraites du film<\/li><li>40% de r\u00e9duction pour tous mes mari\u00e9s<\/li><li>Frais de d\u00e9placements et d\u2019h\u00e9bergements inclus en Dordogne<\/li><\/ul><\/div>\n\t\t\t<div class=\"qodef-m-button clear\">\n\t\t<a class=\"qodef-shortcode qodef-m qodef-button qodef-layout--textual qodef-html--link\" href=\"\" target=\"_self\"  >\t<span class=\"qodef-m-text\"><\/span><\/a>\t<\/div>\n\t<\/div>\n<\/div>\t\t\t\t<\/div>\n\t\t\t\t<\/div>\n\t\t\t\t<div class=\"elementor-element elementor-element-9ce3f65 elementor-widget elementor-widget-pelicula_core_pricing_table\" data-id=\"9ce3f65\" data-element_type=\"widget\" data-widget_type=\"pelicula_core_pricing_table.default\">\n\t\t\t\t<div class=\"elementor-widget-container\">\n\t\t\t\t\t<div class=\"qodef-shortcode qodef-m qodef-pricing-table qodef-layout--standard qodef-status--regular\" >\n\t<div class=\"qodef-m-inner\">\n\t\t\t<div class=\"qodef-m-title\">\n\t\t<p >Film Jour J.<\/p>\n\t<\/div>\n\t\t\t<div class=\"qodef-m-price\">\n\t\t<div class=\"qodef-m-price-wrapper qodef-h1\" >\n\t\t\t<span class=\"qodef-m-price-value\">Sur devis<\/span>\n\t\t\t\t\t<\/div>\n\t<\/div>\n\t\t\t<div class=\"qodef-m-content\"><ul><li>Captation des pr\u00e9paratifs jusqu'\u00e0 minuit<\/li><li>1 film de 8mn<\/li><li>1 teaser d'1mn<\/li><li>Film des discours<\/li><li>30 photos extraites des films<\/li><li>Frais de d\u00e9placements et d'h\u00e9bergements inclus en Dordogne<\/li><\/ul><\/div>\n\t\t\t<div class=\"qodef-m-button clear\">\n\t\t<a class=\"qodef-shortcode qodef-m qodef-button qodef-layout--textual qodef-html--link\" href=\"\" target=\"_self\"  >\t<span class=\"qodef-m-text\"><\/span><\/a>\t<\/div>\n\t<\/div>\n<\/div>\t\t\t\t<\/div>\n\t\t\t\t<\/div>\n\t\t\t\t<div class=\"elementor-element elementor-element-3a3f57c elementor-widget elementor-widget-pelicula_core_pricing_table\" data-id=\"3a3f57c\" data-element_type=\"widget\" data-widget_type=\"pelicula_core_pricing_table.default\">\n\t\t\t\t<div class=\"elementor-widget-container\">\n\t\t\t\t\t<div class=\"qodef-shortcode qodef-m qodef-pricing-table qodef-layout--standard qodef-status--regular\" >\n\t<div class=\"qodef-m-inner\">\n\t\t\t<div class=\"qodef-m-title\">\n\t\t<p >EN OPTION<\/p>\n\t<\/div>\n\t\t\t<div class=\"qodef-m-price\">\n\t\t<div class=\"qodef-m-price-wrapper qodef-h1\" >\n\t\t\t<span class=\"qodef-m-price-value\">Sur Devis<\/span>\n\t\t\t\t\t<\/div>\n\t<\/div>\n\t\t\t<div class=\"qodef-m-content\"><ul><li>Drone<\/li><li>Deuxi\u00e8me vid\u00e9aste<\/li><li>Heures suppl\u00e9mentaires<\/li><li>Jours suppl\u00e9mentaires<\/li><li>Int\u00e9gralit\u00e9 des rushs<\/li><li>Int\u00e9gralit\u00e9 des photos extraites des films<\/li><\/ul><\/div>\n\t\t\t<div class=\"qodef-m-button clear\">\n\t\t<a class=\"qodef-shortcode qodef-m qodef-button qodef-layout--textual qodef-html--link\" href=\"\" target=\"_self\"  >\t<span class=\"qodef-m-text\"><\/span><\/a>\t<\/div>\n\t<\/div>\n<\/div>\t\t\t\t<\/div>\n\t\t\t\t<\/div>\n\t\t\t\t\t<\/div>\n\t\t\t\t<\/div>\n\t\t<div class=\"elementor-element elementor-element-952311d e-flex e-con-boxed e-con e-parent\" data-id=\"952311d\" data-element_type=\"container\">\n\t\t\t\t\t<div class=\"e-con-inner\">\n\t\t\t\t<div class=\"elementor-element elementor-element-5e975cc elementor-widget elementor-widget-spacer\" data-id=\"5e975cc\" data-element_type=\"widget\" data-widget_type=\"spacer.default\">\n\t\t\t\t\t\t\t<div class=\"elementor-spacer\">\n\t\t\t<div class=\"elementor-spacer-inner\"><\/div>\n\t\t<\/div>\n\t\t\t\t\t\t<\/div>\n\t\t\t\t<div class=\"elementor-element elementor-element-d875436 elementor-widget elementor-widget-html\" data-id=\"d875436\" data-element_type=\"widget\" data-widget_type=\"html.default\">\n\t\t\t\t\t<div data-tf-live=\"01KBFTTK4ARRS4KVM1PEN8D323\"><\/div><script src=\"\/\/embed.typeform.com\/next\/embed.js\"><\/script>\t\t\t\t<\/div>\n\t\t\t\t<div class=\"elementor-element elementor-element-7e82989 elementor-widget elementor-widget-spacer\" data-id=\"7e82989\" data-element_type=\"widget\" data-widget_type=\"spacer.default\">\n\t\t\t\t\t\t\t<div class=\"elementor-spacer\">\n\t\t\t<div class=\"elementor-spacer-inner\"><\/div>\n\t\t<\/div>\n\t\t\t\t\t\t<\/div>\n\t\t\t\t\t<\/div>\n\t\t\t\t<\/div>\n\t\t\t\t<\/div>\n\t\t","protected":false},"excerpt":{"rendered":"<p>01 CAPTATION DE MARIAGE Je viens filmer, seul ou avec un autre cadreur, les meilleurs moments du jour de votre mariage. Discret, je me fonderai parmi vos invit\u00e9s pour capturer des sc\u00e8nes et des \u00e9motions authentiques. Pr\u00e9sent des pr\u00e9paratifs jusqu&#039;\u00e0 minuit, j&#039;aurai accumul\u00e9 suffisamment de belles images pour la post production. 02 Film Day After [&hellip;]<\/p>\n","protected":false},"author":1,"featured_media":0,"parent":0,"menu_order":0,"comment_status":"closed","ping_status":"closed","template":"","meta":{"footnotes":""},"class_list":["post-1181","page","type-page","status-publish","hentry"],"_links":{"self":[{"href":"https:\/\/maisondalmay.fr\/index.php\/wp-json\/wp\/v2\/pages\/1181","targetHints":{"allow":["GET"]}}],"collection":[{"href":"https:\/\/maisondalmay.fr\/index.php\/wp-json\/wp\/v2\/pages"}],"about":[{"href":"https:\/\/maisondalmay.fr\/index.php\/wp-json\/wp\/v2\/types\/page"}],"author":[{"embeddable":true,"href":"https:\/\/maisondalmay.fr\/index.php\/wp-json\/wp\/v2\/users\/1"}],"replies":[{"embeddable":true,"href":"https:\/\/maisondalmay.fr\/index.php\/wp-json\/wp\/v2\/comments?post=1181"}],"version-history":[{"count":50,"href":"https:\/\/maisondalmay.fr\/index.php\/wp-json\/wp\/v2\/pages\/1181\/revisions"}],"predecessor-version":[{"id":3714,"href":"https:\/\/maisondalmay.fr\/index.php\/wp-json\/wp\/v2\/pages\/1181\/revisions\/3714"}],"wp:attachment":[{"href":"https:\/\/maisondalmay.fr\/index.php\/wp-json\/wp\/v2\/media?parent=1181"}],"curies":[{"name":"wp","href":"https:\/\/api.w.org\/{rel}","templated":true}]}}