{"id":1154,"date":"2020-03-31T09:48:05","date_gmt":"2020-03-31T09:48:05","guid":{"rendered":"https:\/\/pelicula.qodeinteractive.com\/?page_id=1154"},"modified":"2026-02-17T18:10:17","modified_gmt":"2026-02-17T18:10:17","slug":"faq","status":"publish","type":"page","link":"https:\/\/maisondalmay.fr\/index.php\/faq\/","title":{"rendered":"FAQ"},"content":{"rendered":"\t\t<div data-elementor-type=\"wp-page\" data-elementor-id=\"1154\" class=\"elementor elementor-1154\">\n\t\t\t\t\t\t<section class=\"elementor-section elementor-top-section elementor-element elementor-element-d644ca8 elementor-section-full_width elementor-section-height-default elementor-section-height-default qodef-elementor-content-no\" data-id=\"d644ca8\" data-element_type=\"section\">\n\t\t\t\t\t\t<div class=\"elementor-container elementor-column-gap-no\">\n\t\t\t\t\t<div class=\"elementor-column elementor-col-100 elementor-top-column elementor-element elementor-element-c236cfa\" data-id=\"c236cfa\" data-element_type=\"column\">\n\t\t\t<div class=\"elementor-widget-wrap elementor-element-populated\">\n\t\t\t\t\t\t<div class=\"elementor-element elementor-element-58601e9 elementor-widget elementor-widget-pelicula_core_accordion\" data-id=\"58601e9\" data-element_type=\"widget\" data-widget_type=\"pelicula_core_accordion.default\">\n\t\t\t\t<div class=\"elementor-widget-container\">\n\t\t\t\t\t<div class=\"qodef-shortcode qodef-m qodef-accordion clear qodef-behavior--accordion qodef-layout--simple qodef-skin--light\">\n\t<h5 class=\"qodef-accordion-title\">\n\t<span class=\"qodef-tab-title\">\n\t\tO\u00f9 \u00eates vous situ\u00e9 ?\t<\/span>\n\t<span class=\"qodef-accordion-mark\">\n\t\t<span class=\"qodef-icon--plus icon_plus\"><\/span>\n\t\t<span class=\"qodef-icon--minus icon_close\"><\/span>\n\t<\/span>\n<\/h5>\n<div class=\"qodef-accordion-content\">\n\t<div class=\"qodef-accordion-content-inner\">\n\t\t<p>\u00c0 P\u00e9rigueux, en Dordogne, mais je me d\u00e9place partout.<\/p><p>Mes frais de d\u00e9placements et d\u2019h\u00e9bergements sont d'ailleurs compris dans mes tarifs, pour ce d\u00e9partement. Au del\u00e0, un suppl\u00e9ment sera donc appliqu\u00e9.<\/p>\t<\/div>\n<\/div><h5 class=\"qodef-accordion-title\">\n\t<span class=\"qodef-tab-title\">\n\t\test-ce que vous faites les photos ?\t<\/span>\n\t<span class=\"qodef-accordion-mark\">\n\t\t<span class=\"qodef-icon--plus icon_plus\"><\/span>\n\t\t<span class=\"qodef-icon--minus icon_close\"><\/span>\n\t<\/span>\n<\/h5>\n<div class=\"qodef-accordion-content\">\n\t<div class=\"qodef-accordion-content-inner\">\n\t\t<p>Alors, s'il est vrai que je fournis des photos parmi les livrables, il s'agit de captures d'\u00e9crans qui sont extraites des films. Le rendu en soit est tr\u00e8s beau pour les plans fixes, mais bien souvent inexploitable pour les plans en mouvement (24 images par seconde oblige.) Donc je vous d\u00e9conseillerai fortement de vous passer du travail d'un photographe pour le jour J. Aussi, ces deux disciplines cousines sont pourtant tr\u00e8s diff\u00e9rentes dans l'approche, la logistique etc. Impossible donc, de faire les deux \u00e0 la fois correctement. Je serai en revanche ravi, de vous recommander des profils de photographes que je connais.<\/p>\t<\/div>\n<\/div><h5 class=\"qodef-accordion-title\">\n\t<span class=\"qodef-tab-title\">\n\t\tQu&#039;est-ce que cela apporte de plus une s\u00e9ance Day After ?\t<\/span>\n\t<span class=\"qodef-accordion-mark\">\n\t\t<span class=\"qodef-icon--plus icon_plus\"><\/span>\n\t\t<span class=\"qodef-icon--minus icon_close\"><\/span>\n\t<\/span>\n<\/h5>\n<div class=\"qodef-accordion-content\">\n\t<div class=\"qodef-accordion-content-inner\">\n\t\t<p>La captation de votre film de mariage se fait dans une approche \"documentaire\" au style cin\u00e9matographique. Ce qui veut dire que malgr\u00e9 tout, en tant que vid\u00e9aste, je suis contraint de rester l\u00e9g\u00e8rement \u00e0 distance, et de m'adapter \u00e0 l'action qui est en train de se d\u00e9rouler. Impossible d'arr\u00eater tout le monde, en criant \"coupez\", pour replacer les protagonistes par exemple. Cela reste une captation, et l'id\u00e9e est de faire au mieux avec les \u00e9l\u00e9ments du direct. En revanche, lors d'une s\u00e9ance Day After, il n'y a plus aucune contrainte. On peut refaire la sc\u00e8ne autant de fois qu'on le souhaite, on peut placer les personnages et en faire un beau cadre ; une image qui raconte une histoire comme un tableau, on peut choisir les d\u00e9cors, on peut attendre la bonne lumi\u00e8re du soir pour tourner, on peut imaginer des sc\u00e8nes qui racontent votre histoire etc. Donc, tous ceci ne rentre plus dans une approche documentaire, mais bel et bien cin\u00e9matographique \u00e0 100%, et ce qui donne de tr\u00e8s beaux r\u00e9sultats.<\/p>\t<\/div>\n<\/div><h5 class=\"qodef-accordion-title\">\n\t<span class=\"qodef-tab-title\">\n\t\tEst-ce qu&#039;il faut faire de l&#039;acting ? Je ne suis pas com\u00e9dien(ne).\t<\/span>\n\t<span class=\"qodef-accordion-mark\">\n\t\t<span class=\"qodef-icon--plus icon_plus\"><\/span>\n\t\t<span class=\"qodef-icon--minus icon_close\"><\/span>\n\t<\/span>\n<\/h5>\n<div class=\"qodef-accordion-content\">\n\t<div class=\"qodef-accordion-content-inner\">\n\t\t<p>Pas de panique. Tout d'abord, sachez que l'offre avec le film Day After est facultative. Vous pouvez tr\u00e8s bien rester sur l'offre classique qui comprends \"seulement\" la captation de mariage. Et si cela vous int\u00e9resse, mais que vous vous sentez incapable de jouer la com\u00e9die : Sachez que ce n'est pas du tout l'exercice. Il s'agit d'une d\u00e9marche cin\u00e9matographique certes, mais qui raconte vos vies, votre relation et votre amour. Donc des \u00e9motions et des attitudes qui vous appartiennent. J'ai juste besoin de vous diriger un peu, de vous donner un cadre, mais vous connaissez d\u00e9j\u00e0 la reste, il s'agit de votre vie.<\/p>\t<\/div>\n<\/div><h5 class=\"qodef-accordion-title\">\n\t<span class=\"qodef-tab-title\">\n\t\tQu&#039;utilisez-vous comme mat\u00e9riel ?\t<\/span>\n\t<span class=\"qodef-accordion-mark\">\n\t\t<span class=\"qodef-icon--plus icon_plus\"><\/span>\n\t\t<span class=\"qodef-icon--minus icon_close\"><\/span>\n\t<\/span>\n<\/h5>\n<div class=\"qodef-accordion-content\">\n\t<div class=\"qodef-accordion-content-inner\">\n\t\t<p>Tout d'abord, je tiens \u00e0 clarifier une chose ; je consid\u00e8re que le mat\u00e9riel est un plus. Il ne saurait faire de bons r\u00e9glages, une bonne composition et de belles images, sans la personne aux commandes, qui a un \"oeil\", une vision et une sensibilit\u00e9. C'est ce qu'il y a de plus important. Cela \u00e9tant dit, bien s\u00fbr, avoir les bons outils participe \u00e0 la qualit\u00e9 globale du film. Pour cela j'utilise une cam\u00e9ra de cin\u00e9ma que j'ai accessoiris\u00e9 comme celles que l'on retrouve sur les plateaux de tournage de fiction, en l'adaptant \u00e0 mes besoins. J'ai pris \u00e9galement le soin de choisir des optiques de cin\u00e9ma qui offrent un beau grain et un beau flou d'arri\u00e8re plan, ce qui contribue au style cin\u00e9matographique.<\/p>\t<\/div>\n<\/div><h5 class=\"qodef-accordion-title\">\n\t<span class=\"qodef-tab-title\">\n\t\tDonnez-vous les rushs ?\t<\/span>\n\t<span class=\"qodef-accordion-mark\">\n\t\t<span class=\"qodef-icon--plus icon_plus\"><\/span>\n\t\t<span class=\"qodef-icon--minus icon_close\"><\/span>\n\t<\/span>\n<\/h5>\n<div class=\"qodef-accordion-content\">\n\t<div class=\"qodef-accordion-content-inner\">\n\t\t<p>Oui et non. Je m'explique ; chaque fichier brut qui sort de la cam\u00e9ra est tr\u00e8s lourd car en tr\u00e8s haute r\u00e9solution, et ne peut \u00eatre lu qu'avec des logiciels professionnels, comme DaVinci Resolve, cela demande de fait un ordinateur puissant pour les lire. Autre souci ; l'image est en LOG, c'est \u00e0 dire brute, tr\u00e8s terne et sans couleurs. Ce qui est normal, car c'est un fichier d\u00e9di\u00e9 \u00e0 \u00eatre \u00e9talonn\u00e9, donc trait\u00e9 et retravaill\u00e9 au niveau des couleurs. Donc non, je ne vous donnerai pas ces fichiers l\u00e0. En revanche, je peux exporter tout ce qui a \u00e9t\u00e9 tourn\u00e9 vers des formats que vous pourrez lire sur un ordinateur ou une TV, en prenant le soin de retirer ce qui est inexploitable, et en effectuant un l\u00e9ger \u00e9talonnage pour que cela reste agr\u00e9able \u00e0 regarder. Tout ceci demande du temps pour traiter ces vid\u00e9os, donc c'est une prestation en option, sur devis.<\/p>\t<\/div>\n<\/div><h5 class=\"qodef-accordion-title\">\n\t<span class=\"qodef-tab-title\">\n\t\tConservez-vous les vid\u00e9os ?\t<\/span>\n\t<span class=\"qodef-accordion-mark\">\n\t\t<span class=\"qodef-icon--plus icon_plus\"><\/span>\n\t\t<span class=\"qodef-icon--minus icon_close\"><\/span>\n\t<\/span>\n<\/h5>\n<div class=\"qodef-accordion-content\">\n\t<div class=\"qodef-accordion-content-inner\">\n\t\t<p>J'archive les projets, et les conserve pendant 1 an, apr\u00e8s quoi ils sont supprim\u00e9s.<\/p><p>Ce laps de temps vous permet de commander des options comme l'envoi des rushs, ou les photos extraits des films.<\/p>\t<\/div>\n<\/div><h5 class=\"qodef-accordion-title\">\n\t<span class=\"qodef-tab-title\">\n\t\tVous r\u00e9servez-vous le droit de publier nos vid\u00e9os ?\t<\/span>\n\t<span class=\"qodef-accordion-mark\">\n\t\t<span class=\"qodef-icon--plus icon_plus\"><\/span>\n\t\t<span class=\"qodef-icon--minus icon_close\"><\/span>\n\t<\/span>\n<\/h5>\n<div class=\"qodef-accordion-content\">\n\t<div class=\"qodef-accordion-content-inner\">\n\t\t<p>Non, je consid\u00e8re que ces images vous appartiennent et je ne les publierai pas sans votre accord.\u00a0<\/p>\t<\/div>\n<\/div><h5 class=\"qodef-accordion-title\">\n\t<span class=\"qodef-tab-title\">\n\t\tPeut-on vous faire des retours sur les vid\u00e9os ?\t<\/span>\n\t<span class=\"qodef-accordion-mark\">\n\t\t<span class=\"qodef-icon--plus icon_plus\"><\/span>\n\t\t<span class=\"qodef-icon--minus icon_close\"><\/span>\n\t<\/span>\n<\/h5>\n<div class=\"qodef-accordion-content\">\n\t<div class=\"qodef-accordion-content-inner\">\n\t\t<p>Bien s\u00fbr. Vous avez droit \u00e0 deux vagues d'allers retours par vid\u00e9o. Ce qui \u00e9quivaut \u00e0 faire 3 versions, ce qui, g\u00e9n\u00e9ralement suffit largement.<\/p>\t<\/div>\n<\/div><h5 class=\"qodef-accordion-title\">\n\t<span class=\"qodef-tab-title\">\n\t\tJ&#039;ai pris un autre prestataire pour la captation de mon mariage. Accepteriez-vous de faire une s\u00e9ance day after seule ?\t<\/span>\n\t<span class=\"qodef-accordion-mark\">\n\t\t<span class=\"qodef-icon--plus icon_plus\"><\/span>\n\t\t<span class=\"qodef-icon--minus icon_close\"><\/span>\n\t<\/span>\n<\/h5>\n<div class=\"qodef-accordion-content\">\n\t<div class=\"qodef-accordion-content-inner\">\n\t\t<p>Oui, c'est possible, avec la formule Day after seule.<\/p>\t<\/div>\n<\/div><h5 class=\"qodef-accordion-title\">\n\t<span class=\"qodef-tab-title\">\n\t\tComment se d\u00e9roule la r\u00e9servation ?\t<\/span>\n\t<span class=\"qodef-accordion-mark\">\n\t\t<span class=\"qodef-icon--plus icon_plus\"><\/span>\n\t\t<span class=\"qodef-icon--minus icon_close\"><\/span>\n\t<\/span>\n<\/h5>\n<div class=\"qodef-accordion-content\">\n\t<div class=\"qodef-accordion-content-inner\">\n\t\t<p>Vous prenez contact avec moi via le formulaire de contact, en pr\u00e9cisant le jour de votre mariage. Je reviens vers vous pour discuter du projet, et vous faire un devis. Si c'est bon pour vous, nous signons le contrat. Il y aura 35% d'arrhes \u00e0 r\u00e9gler \u00e0 la r\u00e9servation, 25% le mois pr\u00e9c\u00e9dant le jour du mariage, et le reste le jour J.<\/p>\t<\/div>\n<\/div><\/div>\t\t\t\t<\/div>\n\t\t\t\t<\/div>\n\t\t\t\t\t<\/div>\n\t\t<\/div>\n\t\t\t\t\t<\/div>\n\t\t<\/section>\n\t\t\t\t<\/div>\n\t\t","protected":false},"excerpt":{"rendered":"<p>O\u00f9 \u00eates vous situ\u00e9 ? \u00c0 P\u00e9rigueux, en Dordogne, mais je me d\u00e9place partout. Mes frais de d\u00e9placements et d\u2019h\u00e9bergements sont d&#8217;ailleurs compris dans mes tarifs, pour ce d\u00e9partement. Au del\u00e0, un suppl\u00e9ment sera donc appliqu\u00e9. est-ce que vous faites les photos ? Alors, s&#8217;il est vrai que je fournis des photos parmi les livrables, [&hellip;]<\/p>\n","protected":false},"author":1,"featured_media":0,"parent":0,"menu_order":0,"comment_status":"closed","ping_status":"closed","template":"","meta":{"footnotes":""},"class_list":["post-1154","page","type-page","status-publish","hentry"],"_links":{"self":[{"href":"https:\/\/maisondalmay.fr\/index.php\/wp-json\/wp\/v2\/pages\/1154","targetHints":{"allow":["GET"]}}],"collection":[{"href":"https:\/\/maisondalmay.fr\/index.php\/wp-json\/wp\/v2\/pages"}],"about":[{"href":"https:\/\/maisondalmay.fr\/index.php\/wp-json\/wp\/v2\/types\/page"}],"author":[{"embeddable":true,"href":"https:\/\/maisondalmay.fr\/index.php\/wp-json\/wp\/v2\/users\/1"}],"replies":[{"embeddable":true,"href":"https:\/\/maisondalmay.fr\/index.php\/wp-json\/wp\/v2\/comments?post=1154"}],"version-history":[{"count":88,"href":"https:\/\/maisondalmay.fr\/index.php\/wp-json\/wp\/v2\/pages\/1154\/revisions"}],"predecessor-version":[{"id":3717,"href":"https:\/\/maisondalmay.fr\/index.php\/wp-json\/wp\/v2\/pages\/1154\/revisions\/3717"}],"wp:attachment":[{"href":"https:\/\/maisondalmay.fr\/index.php\/wp-json\/wp\/v2\/media?parent=1154"}],"curies":[{"name":"wp","href":"https:\/\/api.w.org\/{rel}","templated":true}]}}